{"id":63,"date":"2019-04-01T07:21:43","date_gmt":"2019-04-01T07:21:43","guid":{"rendered":"http:\/\/avantage.bold-themes.com\/hr\/?page_id=63"},"modified":"2023-01-18T10:11:40","modified_gmt":"2023-01-18T10:11:40","slug":"sostenibilita-ambientale","status":"publish","type":"page","link":"https:\/\/rossiwebtest.it\/holding-bluplast\/sostenibilita-ambientale\/","title":{"rendered":"Sostenibilit\u00e0 ambientale"},"content":{"rendered":"<section id=\"bt_bb_section69d50ebc52e93\" class=\"bt_bb_section bt_bb_layout_boxed_1200 bt_bb_vertical_align_top bt_bb_top_section_coverage_image bt_bb_section_with_top_coverage_image bt_bb_top_spacing_large bt_bb_section_allow_content_outside bt_bb_section_show_left_boxed_content\"  data-bt-override-class=\"null\"><div class=\"bt_bb_port\"><div class=\"bt_bb_cell\"><div class=\"bt_bb_cell_inner\"><div class=\"bt_bb_row_wrapper\"><div  class=\"bt_bb_row\"  data-bt-override-class=\"{}\"><div  class=\"bt_bb_column col-xl-6 bt_bb_align_left bt_bb_vertical_align_middle bt_bb_animation_fade_in zoom_out animate bt_bb_padding_normal bt_bb_animation_fade_in bt_bb_animation_zoom_out animate\"  data-width=\"6\" data-bt-override-class=\"{}\"><div class=\"bt_bb_column_content\"><div class=\"bt_bb_separator bt_bb_border_style_none bt_bb_bottom_spacing_medium bt_bb_hidden_sm bt_bb_hidden_md bt_bb_hidden_lg\" data-bt-override-class=\"null\"><\/div><header class=\"bt_bb_headline bt_bb_dash_none bt_bb_superheadline bt_bb_superheadline_outside bt_bb_size_large bt_bb_align_inherit\" data-bt-override-class=\"{&quot;bt_bb_size_&quot;:{&quot;current_class&quot;:&quot;bt_bb_size_large&quot;,&quot;xl&quot;:&quot;large&quot;},&quot;bt_bb_align_&quot;:{&quot;current_class&quot;:&quot;bt_bb_align_inherit&quot;,&quot;xl&quot;:&quot;inherit&quot;}}\"><div class=\"bt_bb_headline_superheadline_outside\"><span class=\"bt_bb_headline_superheadline\">UNO SGUARDO AL FUTURO<\/span><\/div><h2 class=\"bt_bb_headline_tag\"><span class=\"bt_bb_headline_content\"><span><b>Sostenibilit\u00e0<\/b><br \/>\r\n<u>ambientale<\/u> <\/span><\/span><\/h2><\/header><div class=\"bt_bb_separator bt_bb_border_style_none bt_bb_bottom_spacing_normal\" data-bt-override-class=\"null\"><\/div><div class=\"bt_bb_row_wrapper\"><div  class=\"bt_bb_row_inner\"  data-bt-override-class=\"{}\"><div  class=\"bt_bb_column_inner col-xl-6 bt_bb_align_left bt_bb_vertical_align_top\"  data-width=\"6\" data-bt-override-class=\"{}\"><div class=\"bt_bb_column_inner_content\"><div  class=\"bt_bb_text\" ><p>Abituati a un uso smodato di beni e risorse del nostro pianeta, abbiamo esagerato. Tutti.<br \/>\nOra \u00e8 tempo di cambiare.<\/p>\n<p>L\u2019 <strong>Agenda 2030<\/strong> delle Nazioni Unite ha indicato <strong>17 obiettivi<\/strong> da raggiungere per lo Sviluppo Sostenibile. Come Blu Plast abbiamo a cuore specialmente le <strong>tematiche produttive<\/strong> e <strong>ambientali,<\/strong> trattate dagli obiettivi 9, 12 e 13 in particolare.<\/p>\n<\/div><div class=\"bt_bb_separator bt_bb_border_style_none bt_bb_bottom_spacing_normal\" data-bt-override-class=\"null\"><\/div><\/div><\/div><div  class=\"bt_bb_column_inner col-xl-6 bt_bb_align_left bt_bb_vertical_align_top\"  data-width=\"6\" data-bt-override-class=\"{}\"><div class=\"bt_bb_column_inner_content\"><div  class=\"bt_bb_text\" ><div class=\"w-full border-b border-black\/10 dark:border-gray-900\/50 text-gray-800 dark:text-gray-100 group bg-gray-50 dark:bg-&#091;#444654&#093;\">\n<div class=\"text-base gap-4 md:gap-6 m-auto md:max-w-2xl lg:max-w-2xl xl:max-w-3xl p-4 md:py-6 flex lg:px-0\">\n<div class=\"relative flex w-&#091;calc(100%-50px)&#093; md:flex-col lg:w-&#091;calc(100%-115px)&#093;\">\n<div class=\"flex flex-grow flex-col gap-3\">\n<div class=\"min-h-&#091;20px&#093; flex flex-col items-start gap-4 whitespace-pre-wrap\">\n<div class=\"markdown prose w-full break-words dark:prose-invert dark\">\n<p>Per questo motivo, ci impegniamo a <strong>ridurre l&#8217;impatto ambientale<\/strong> dei nostri prodotti attraverso l&#8217;utilizzo di materiali riciclati e la riduzione dei rifiuti. Inoltre, miriamo a migliorare <strong>l&#8217;efficienza energetica<\/strong> nei nostri processi produttivi e a promuovere l&#8217;utilizzo di <strong>fonti<\/strong> di <strong>energia rinnovabili.<\/strong> Riteniamo che sia nostra responsabilit\u00e0 prenderci cura del nostro pianeta e contribuire alla realizzazione degli obiettivi dell&#8217;Agenda 2030. Ci impegniamo a continuare ad adattare e migliorare le nostre pratiche per diventare sempre pi\u00f9 sostenibili, e invitiamo tutti a fare lo stesso. <strong>Insieme possiamo fare la differenza<\/strong>.<\/p>\n<\/div>\n<\/div>\n<\/div>\n<div class=\"text-gray-400 flex self-end lg:self-center justify-center mt-2 gap-4 lg:gap-1 lg:absolute lg:top-0 lg:translate-x-full lg:right-0 lg:mt-0 lg:pl-2 visible\"><\/div>\n<\/div>\n<\/div>\n<\/div>\n<\/div><div class=\"bt_bb_separator bt_bb_border_style_none bt_bb_bottom_spacing_medium\" data-bt-override-class=\"null\"><\/div><\/div><\/div><\/div><\/div><\/div><\/div><div  class=\"bt_bb_column col-xl-6 bt_bb_align_left bt_bb_vertical_align_top bt_bb_animation_fade_in move_left animate bt_bb_padding_normal bt_bb_animation_fade_in bt_bb_animation_move_left animate\"  data-width=\"6\" data-bt-override-class=\"{}\"><div class=\"bt_bb_column_content\"><div class=\"bt_bb_image bt_bb_shape_square bt_bb_target_self bt_bb_align_inherit bt_bb_hover_style_simple bt_bb_content_display_always bt_bb_content_align_middle bt_bb_fill_background_color_full\" data-bt-override-class=\"{&quot;bt_bb_align_&quot;:{&quot;current_class&quot;:&quot;bt_bb_align_inherit&quot;,&quot;xl&quot;:&quot;inherit&quot;}}\"><span><img width=\"619\" height=\"700\" src=\"https:\/\/rossiwebtest.it\/holding-bluplast\/wp-content\/uploads\/2023\/01\/Ambiente.png\" class=\"attachment-full size-full\" alt=\"https:\/\/rossiwebtest.it\/holding-bluplast\/wp-content\/uploads\/2023\/01\/Ambiente.png\" decoding=\"async\" data-full_image_src=\"https:\/\/rossiwebtest.it\/holding-bluplast\/wp-content\/uploads\/2023\/01\/Ambiente.png\" title=\"Ambiente\" srcset=\"https:\/\/rossiwebtest.it\/holding-bluplast\/wp-content\/uploads\/2023\/01\/Ambiente.png 619w, https:\/\/rossiwebtest.it\/holding-bluplast\/wp-content\/uploads\/2023\/01\/Ambiente-320x362.png 320w\" sizes=\"(max-width: 619px) 100vw, 619px\" \/><\/span><\/div><div class=\"bt_bb_separator bt_bb_border_style_none bt_bb_bottom_spacing_medium bt_bb_hidden_sm bt_bb_hidden_md bt_bb_hidden_lg\" data-bt-override-class=\"null\"><\/div><\/div><\/div><\/div><\/div><\/div><!-- cell_inner --><\/div><!-- cell --><\/div><!-- port --><div class=\"bt_bb_section_top_section_coverage_image\"><img src=\"https:\/\/rossiwebtest.it\/holding-bluplast\/wp-content\/uploads\/2019\/04\/bgn-top-2.png\" alt=\"bt_bb_section_top_section_coverage_image\" \/><\/div><\/section><section id=\"bt_bb_section69d50ebc543bb\" class=\"bt_bb_section bt_bb_layout_boxed_1200 bt_bb_vertical_align_top bt_bb_bottom_spacing_large\" style=\"background-position:center;background-size:contain;\" data-bt-override-class=\"null\"><div class=\"bt_bb_background_image_holder_wrapper\"><div class=\"bt_bb_background_image_holder btLazyLoadBackground\"  data-background_image_src=\"https:\/\/rossiwebtest.it\/holding-bluplast\/wp-content\/uploads\/2019\/04\/bgn-lines.png\" data-parallax-zoom-start=\"1\" data-parallax-zoom-end=\"1\" data-parallax-blur-start=\"0\" data-parallax-blur-end=\"0\" data-parallax-opacity-start=\"1\" data-parallax-opacity-end=\"1\" style=\" background-image: url(&#039;https:\/\/rossiwebtest.it\/holding-bluplast\/wp-content\/plugins\/bold-page-builder\/img\/blank.gif&#039;);\"><\/div><\/div><div class=\"bt_bb_port\"><div class=\"bt_bb_cell\"><div class=\"bt_bb_cell_inner\"><div class=\"bt_bb_row_wrapper\"><div  class=\"bt_bb_row\"  data-bt-override-class=\"{}\"><div  class=\"bt_bb_column col-xl-4 bt_bb_align_left bt_bb_vertical_align_top bt_bb_padding_normal\"  data-width=\"4\" data-bt-override-class=\"{}\"><div class=\"bt_bb_column_content\"><\/div><\/div><div  class=\"bt_bb_column col-xl-4 bt_bb_align_left bt_bb_vertical_align_top bt_bb_animation_fade_in animate bt_bb_padding_normal bt_bb_animation_fade_in animate\"  data-width=\"4\" data-bt-override-class=\"{}\"><div class=\"bt_bb_column_content\"><div class=\"bt_bb_separator bt_bb_border_style_none bt_bb_top_spacing_small bt_bb_bottom_spacing_normal\" data-bt-override-class=\"null\"><\/div><div class=\"bt_bb_separator bt_bb_border_style_solid bt_bb_top_spacing_medium bt_bb_bottom_spacing_medium\" style=\"; border-width: 2px\" data-bt-override-class=\"null\"><\/div><\/div><\/div><div  class=\"bt_bb_column col-xl-4 bt_bb_align_left bt_bb_vertical_align_top bt_bb_padding_normal\"  data-width=\"4\" data-bt-override-class=\"{}\"><div class=\"bt_bb_column_content\"><\/div><\/div><\/div><\/div><div class=\"bt_bb_row_wrapper\"><div  class=\"bt_bb_row\"  data-bt-override-class=\"{}\"><div  class=\"bt_bb_column col-xl-7 bt_bb_align_left bt_bb_vertical_align_top bt_bb_animation_fade_in animate bt_bb_padding_normal bt_bb_animation_fade_in animate\"  data-width=\"7\" data-bt-override-class=\"{}\"><div class=\"bt_bb_column_content\"><header class=\"bt_bb_headline bt_bb_dash_none bt_bb_superheadline bt_bb_superheadline_outside bt_bb_size_large bt_bb_align_inherit\" data-bt-override-class=\"{&quot;bt_bb_size_&quot;:{&quot;current_class&quot;:&quot;bt_bb_size_large&quot;,&quot;xl&quot;:&quot;large&quot;},&quot;bt_bb_align_&quot;:{&quot;current_class&quot;:&quot;bt_bb_align_inherit&quot;,&quot;xl&quot;:&quot;inherit&quot;}}\"><div class=\"bt_bb_headline_superheadline_outside\"><span class=\"bt_bb_headline_superheadline\">SISTEMI DI CERTIFICAZIONE AMBIENTALE<\/span><\/div><h2 class=\"bt_bb_headline_tag\"><span class=\"bt_bb_headline_content\"><span><b>Plastica<\/b><br \/>\r\n<u>Seconda vita<\/u><\/span><\/span><\/h2><\/header><div class=\"bt_bb_separator bt_bb_border_style_none bt_bb_bottom_spacing_normal\" data-bt-override-class=\"null\"><\/div><\/div><\/div><div  class=\"bt_bb_column col-xl-5 bt_bb_align_left bt_bb_vertical_align_top bt_bb_padding_normal\"  data-width=\"5\" data-bt-override-class=\"{}\"><div class=\"bt_bb_column_content\"><\/div><\/div><\/div><\/div><div class=\"bt_bb_row_wrapper\"><div  class=\"bt_bb_row\"  data-bt-override-class=\"{}\"><div  class=\"bt_bb_column col-xl-4 col-xs-12 col-sm-12 col-md-12 col-lg-4 bt_bb_align_left bt_bb_vertical_align_top bt_bb_animation_fade_in zoom_out animate bt_bb_padding_normal bt_bb_animation_fade_in bt_bb_animation_zoom_out animate\"  data-width=\"4\" data-bt-override-class=\"{}\"><div class=\"bt_bb_column_content\"><div  class=\"bt_bb_text\" ><blockquote><p>La plastica riciclata \u00e8 molto pi\u00f9 sostenibile di quella prodotta ex novo, perci\u00f2 ci<br \/>\nsiamo adoperati per ottenere il marchio \u201c<strong>Plastica Seconda Vita<\/strong>\u201d, certificazione<br \/>\nambientale sulla valorizzazione dei rifiuti plastici.<\/p><\/blockquote>\n<\/div><div class=\"bt_bb_separator bt_bb_border_style_none bt_bb_bottom_spacing_extra_small\" data-bt-override-class=\"null\"><\/div><div  class=\"bt_bb_text\" ><p><strong>PSV<\/strong> \u00e8 il primo marchio italiano ed europeo dedicato alla plastica riciclata e si<br \/>\nbasa su due parametri fondamentali:<\/p>\n<p>\u2022 qualit\u00e0 delle plastiche di riciclo;<br \/>\n\u2022 rintracciabilit\u00e0 dei materiali riciclati.<\/p>\n<\/div><div  class=\"bt_bb_text\" ><p>Fa riferimento alle percentuali di riciclato riportate nella circolare 4 agosto 2004, attuativa del DM 203\/2003 sul Green Public Procurement, alla norma UNI EN ISO 14021 e UNI 10667.<\/p>\n<\/div><div class=\"bt_bb_separator bt_bb_border_style_none bt_bb_bottom_spacing_small bt_bb_hidden_md bt_bb_hidden_lg\" data-bt-override-class=\"null\"><\/div><\/div><\/div><div  class=\"bt_bb_column col-xl-4 col-xs-12 col-sm-12 col-md-12 col-lg-4 bt_bb_align_left bt_bb_vertical_align_top bt_bb_animation_fade_in zoom_out animate bt_bb_padding_normal bt_bb_animation_fade_in bt_bb_animation_zoom_out animate\"  data-width=\"4\" data-bt-override-class=\"{}\"><div class=\"bt_bb_column_content\"><div class=\"bt_bb_image bt_bb_shape_square bt_bb_target_self bt_bb_align_inherit bt_bb_hover_style_simple bt_bb_content_display_always bt_bb_content_align_middle bt_bb_fill_background_color_full\" data-bt-override-class=\"{&quot;bt_bb_align_&quot;:{&quot;current_class&quot;:&quot;bt_bb_align_inherit&quot;,&quot;xl&quot;:&quot;inherit&quot;}}\"><span><img width=\"640\" height=\"409\" src=\"https:\/\/rossiwebtest.it\/holding-bluplast\/wp-content\/uploads\/2021\/07\/psv-raccolta-differenziata-640x409.png\" class=\"attachment-medium size-medium\" alt=\"https:\/\/rossiwebtest.it\/holding-bluplast\/wp-content\/uploads\/2021\/07\/psv-raccolta-differenziata-640x409.png\" decoding=\"async\" loading=\"lazy\" data-full_image_src=\"https:\/\/rossiwebtest.it\/holding-bluplast\/wp-content\/uploads\/2021\/07\/psv-raccolta-differenziata.png\" title=\"psv-raccolta-differenziata\" srcset=\"https:\/\/rossiwebtest.it\/holding-bluplast\/wp-content\/uploads\/2021\/07\/psv-raccolta-differenziata-640x409.png 640w, https:\/\/rossiwebtest.it\/holding-bluplast\/wp-content\/uploads\/2021\/07\/psv-raccolta-differenziata-1280x818.png 1280w, https:\/\/rossiwebtest.it\/holding-bluplast\/wp-content\/uploads\/2021\/07\/psv-raccolta-differenziata-768x491.png 768w, https:\/\/rossiwebtest.it\/holding-bluplast\/wp-content\/uploads\/2021\/07\/psv-raccolta-differenziata-1536x982.png 1536w, https:\/\/rossiwebtest.it\/holding-bluplast\/wp-content\/uploads\/2021\/07\/psv-raccolta-differenziata-320x205.png 320w, https:\/\/rossiwebtest.it\/holding-bluplast\/wp-content\/uploads\/2021\/07\/psv-raccolta-differenziata.png 1600w\" sizes=\"(max-width: 640px) 100vw, 640px\" \/><\/span><\/div><div class=\"bt_bb_separator bt_bb_border_style_none bt_bb_bottom_spacing_normal\" data-bt-override-class=\"null\"><\/div><header class=\"bt_bb_headline bt_bb_dash_none bt_bb_size_small bt_bb_align_inherit\" data-bt-override-class=\"{&quot;bt_bb_size_&quot;:{&quot;current_class&quot;:&quot;bt_bb_size_small&quot;,&quot;xl&quot;:&quot;small&quot;},&quot;bt_bb_align_&quot;:{&quot;current_class&quot;:&quot;bt_bb_align_inherit&quot;,&quot;xl&quot;:&quot;inherit&quot;}}\"><h5 class=\"bt_bb_headline_tag\"><span class=\"bt_bb_headline_content\"><span><b>PSV<\/b><br \/>\r\n<u>da raccolta differenziata<\/u><\/span><\/span><\/h5><\/header><div  class=\"bt_bb_text\" ><p>Certifica il contenuto di riciclato e la rintracciabilit\u00e0\u00a0 di materiali semilavorati e manufatti\u00a0 realizzati utilizzando almeno il <b><i>60%<\/i><\/b> di polimeri derivati da raccolta differenziata o da altri circuiti post-consumo<\/p>\n<p><b>APPLICAZIONI<\/b><\/p>\n<ul>\n<li>Film PELD termoretraibile<\/li>\n<li>Film PEHD da imballi industriali;<\/li>\n<li>Sacchi\/Cover pallet PELD \u2013 PEHD<\/li>\n<\/ul>\n<p><b>LAVORAZIONI AGGIUNTIVE<\/b><\/p>\n<ul>\n<li>Microforatura<\/li>\n<li>Goffratura<\/li>\n<\/ul>\n<\/div><\/div><\/div><div  class=\"bt_bb_column col-xl-4 col-xs-12 col-sm-12 col-md-12 col-lg-4 bt_bb_align_left bt_bb_vertical_align_top bt_bb_animation_fade_in zoom_out animate bt_bb_padding_normal bt_bb_animation_fade_in bt_bb_animation_zoom_out animate\"  data-width=\"4\" data-bt-override-class=\"{}\"><div class=\"bt_bb_column_content\"><div class=\"bt_bb_image bt_bb_shape_square bt_bb_target_self bt_bb_align_inherit bt_bb_hover_style_simple bt_bb_content_display_always bt_bb_content_align_middle bt_bb_fill_background_color_full\" data-bt-override-class=\"{&quot;bt_bb_align_&quot;:{&quot;current_class&quot;:&quot;bt_bb_align_inherit&quot;,&quot;xl&quot;:&quot;inherit&quot;}}\"><span><img width=\"640\" height=\"409\" src=\"https:\/\/rossiwebtest.it\/holding-bluplast\/wp-content\/uploads\/2021\/07\/psv-raccolta-differenziata-640x409.png\" class=\"attachment-medium size-medium\" alt=\"https:\/\/rossiwebtest.it\/holding-bluplast\/wp-content\/uploads\/2021\/07\/psv-raccolta-differenziata-640x409.png\" decoding=\"async\" loading=\"lazy\" data-full_image_src=\"https:\/\/rossiwebtest.it\/holding-bluplast\/wp-content\/uploads\/2021\/07\/psv-raccolta-differenziata.png\" title=\"psv-raccolta-differenziata\" srcset=\"https:\/\/rossiwebtest.it\/holding-bluplast\/wp-content\/uploads\/2021\/07\/psv-raccolta-differenziata-640x409.png 640w, https:\/\/rossiwebtest.it\/holding-bluplast\/wp-content\/uploads\/2021\/07\/psv-raccolta-differenziata-1280x818.png 1280w, https:\/\/rossiwebtest.it\/holding-bluplast\/wp-content\/uploads\/2021\/07\/psv-raccolta-differenziata-768x491.png 768w, https:\/\/rossiwebtest.it\/holding-bluplast\/wp-content\/uploads\/2021\/07\/psv-raccolta-differenziata-1536x982.png 1536w, https:\/\/rossiwebtest.it\/holding-bluplast\/wp-content\/uploads\/2021\/07\/psv-raccolta-differenziata-320x205.png 320w, https:\/\/rossiwebtest.it\/holding-bluplast\/wp-content\/uploads\/2021\/07\/psv-raccolta-differenziata.png 1600w\" sizes=\"(max-width: 640px) 100vw, 640px\" \/><\/span><\/div><div class=\"bt_bb_separator bt_bb_border_style_none bt_bb_bottom_spacing_normal\" data-bt-override-class=\"null\"><\/div><header class=\"bt_bb_headline bt_bb_dash_none bt_bb_size_small bt_bb_align_inherit\" data-bt-override-class=\"{&quot;bt_bb_size_&quot;:{&quot;current_class&quot;:&quot;bt_bb_size_small&quot;,&quot;xl&quot;:&quot;small&quot;},&quot;bt_bb_align_&quot;:{&quot;current_class&quot;:&quot;bt_bb_align_inherit&quot;,&quot;xl&quot;:&quot;inherit&quot;}}\"><h5 class=\"bt_bb_headline_tag\"><span class=\"bt_bb_headline_content\"><span><b>PSV<\/b><br \/>\r\n<u>Mixeco<\/u><\/span><\/span><\/h5><\/header><div  class=\"bt_bb_text\" ><p>Certifica il contenuto di riciclato e la rintracciabilit\u00e0\u00a0 di materiali semilavorati e manufatti\u00a0 realizzati utilizzando minimo il <b><i>30%* <\/i><\/b>di polimeri derivati da raccolta differenziata e\/o da scarto industriale<\/p>\n<p><b>APPLICAZIONI<\/b><\/p>\n<ul>\n<li>Film PELD termoretraibile per scatolame e beverage;<\/li>\n<li>Film PELD da TISSUE-HOME CARE-COSMETICS<\/li>\n<li>Film PEHD per imballi industriali;<\/li>\n<li>Film saldanti per confezionamento industriale con media trasparenza<\/li>\n<\/ul>\n<p><b>LAVORAZIONI AGGIUNTIVE<\/b><\/p>\n<ul>\n<li>Microforatura;<\/li>\n<li>Goffratura<\/li>\n<\/ul>\n<p><b>*<\/b><b>La percentuale <\/b><b>di utilizzo <\/b><b>pu\u00f2 crescere in misura variabile rispetto alle applicazioni<\/b>.<\/p>\n<\/div><\/div><\/div><\/div><\/div><\/div><!-- cell_inner --><\/div><!-- cell --><\/div><!-- port --><\/section>","protected":false},"excerpt":{"rendered":"<p>Capitalize on low hanging fruit to identify a ballpark value added activity to beta test. Override the digital divide with additional clickthroughs from DevOps. Nanotechnology immersion along the information highway will close the loop.<\/p>\n","protected":false},"author":2,"featured_media":2330,"parent":0,"menu_order":0,"comment_status":"closed","ping_status":"closed","template":"","meta":[],"_links":{"self":[{"href":"https:\/\/rossiwebtest.it\/holding-bluplast\/wp-json\/wp\/v2\/pages\/63"}],"collection":[{"href":"https:\/\/rossiwebtest.it\/holding-bluplast\/wp-json\/wp\/v2\/pages"}],"about":[{"href":"https:\/\/rossiwebtest.it\/holding-bluplast\/wp-json\/wp\/v2\/types\/page"}],"author":[{"embeddable":true,"href":"https:\/\/rossiwebtest.it\/holding-bluplast\/wp-json\/wp\/v2\/users\/2"}],"replies":[{"embeddable":true,"href":"https:\/\/rossiwebtest.it\/holding-bluplast\/wp-json\/wp\/v2\/comments?post=63"}],"version-history":[{"count":2,"href":"https:\/\/rossiwebtest.it\/holding-bluplast\/wp-json\/wp\/v2\/pages\/63\/revisions"}],"predecessor-version":[{"id":2331,"href":"https:\/\/rossiwebtest.it\/holding-bluplast\/wp-json\/wp\/v2\/pages\/63\/revisions\/2331"}],"wp:featuredmedia":[{"embeddable":true,"href":"https:\/\/rossiwebtest.it\/holding-bluplast\/wp-json\/wp\/v2\/media\/2330"}],"wp:attachment":[{"href":"https:\/\/rossiwebtest.it\/holding-bluplast\/wp-json\/wp\/v2\/media?parent=63"}],"curies":[{"name":"wp","href":"https:\/\/api.w.org\/{rel}","templated":true}]}}